{"id":79,"date":"2019-08-20T23:43:18","date_gmt":"2019-08-20T21:43:18","guid":{"rendered":"http:\/\/caussou.fr\/?page_id=79"},"modified":"2019-12-17T12:20:56","modified_gmt":"2019-12-17T11:20:56","slug":"activites-montagne-et-randonnee","status":"publish","type":"page","link":"https:\/\/caussou.fr\/index.php\/evenements\/activites-montagne-et-randonnee\/","title":{"rendered":"Activit\u00e9s nature et randonn\u00e9e"},"content":{"rendered":"<p>Caussou, c&rsquo;est bien s\u00fbr la montagne et ses multiples activit\u00e9s : randonn\u00e9e, escalade, ski, v\u00e9lo, canyoning, parapente&#8230; Vous trouverez ci-dessous des informations pour agr\u00e9menter votre s\u00e9jour dans la nature.<\/p>\n<p><span style=\"color: #ff0000;\"><span style=\"color: #000000;\">Info sur :<\/span><a style=\"color: #ff0000;\" href=\"http:\/\/caussou.fr\/wp-content\/uploads\/2019\/08\/Activit\u00e9s-montagne-et-randonn\u00e9es.pdf\" target=\"_blank\" rel=\"noopener noreferrer\"> Montagne et randonn\u00e9e<\/a><\/span><\/p>\n<p><a style=\"color: #ff0000;\" href=\"http:\/\/caussou.fr\/wp-content\/uploads\/2019\/08\/Activit\u00e9s-montagne-et-randonn\u00e9es.pdf\" target=\"_blank\" rel=\"noopener noreferrer\"><span style=\"color: #000000;\">I<\/span><\/a><span style=\"color: #000000;\">nfo sur :<\/span> <a href=\"http:\/\/caussou.fr\/wp-content\/uploads\/2019\/08\/Activit\u00e9s-montagne-et-randonn\u00e9es.pdf\" target=\"_blank\" rel=\"noopener noreferrer\"><span style=\"color: #ff0000;\">Activit\u00e9s nature<\/span><\/a><\/p>\n<p><span style=\"color: #ff0000;\"><span style=\"color: #000000;\">Info sur :<\/span> <a style=\"color: #ff0000;\" href=\"http:\/\/caussou.fr\/wp-content\/uploads\/2019\/08\/Parc-nature-et-animaliers.pdf\" target=\"_blank\" rel=\"noopener noreferrer\">Parcs nature et animalier<\/a><\/span><\/p>\n<p>Le lien vers les webcams de la station de ski Ax-3-Domaines :\u00a0<span style=\"color: #ff0000;\"><a style=\"color: #ff0000;\" href=\"https:\/\/www.ax.ski\/fr\/webcams\" target=\"_blank\" rel=\"noopener noreferrer\">ici<\/a><\/span><\/p>\n\n\n<ul class=\"wp-block-gallery columns-2 wp-block-gallery-1 is-layout-flex wp-block-gallery-is-layout-flex\"><li class=\"blocks-gallery-item\"><figure><img loading=\"lazy\" decoding=\"async\" width=\"576\" height=\"1024\" src=\"http:\/\/caussou.fr\/wp-content\/uploads\/2019\/08\/Randonn\u00e9e-avec-un-\u00e2ne-576x1024.jpg\" alt=\"Randonn\u00e9e avec un \u00e2ne Caussou\" data-id=\"152\" data-link=\"http:\/\/caussou.fr\/index.php\/portoflio\/montagne\/randonnee-avec-un-ane\/\" class=\"wp-image-152\" srcset=\"https:\/\/caussou.fr\/wp-content\/uploads\/2019\/08\/Randonn\u00e9e-avec-un-\u00e2ne-576x1024.jpg 576w, https:\/\/caussou.fr\/wp-content\/uploads\/2019\/08\/Randonn\u00e9e-avec-un-\u00e2ne-169x300.jpg 169w, https:\/\/caussou.fr\/wp-content\/uploads\/2019\/08\/Randonn\u00e9e-avec-un-\u00e2ne-768x1365.jpg 768w, https:\/\/caussou.fr\/wp-content\/uploads\/2019\/08\/Randonn\u00e9e-avec-un-\u00e2ne.jpg 800w\" sizes=\"(max-width: 576px) 100vw, 576px\" \/><figcaption>Randonn\u00e9e avec un \u00e2ne<\/figcaption><\/figure><\/li><li class=\"blocks-gallery-item\"><figure><img loading=\"lazy\" decoding=\"async\" width=\"1024\" height=\"760\" src=\"http:\/\/caussou.fr\/wp-content\/uploads\/2019\/08\/Pic-de-St-Bart\u00e9l\u00e9my-1024x760.jpg\" alt=\"Pic de St Bart\u00e9l\u00e9my Caussou\" data-id=\"151\" data-link=\"http:\/\/caussou.fr\/index.php\/portoflio\/montagne\/pic-de-st-bartelemy\/\" class=\"wp-image-151\" srcset=\"https:\/\/caussou.fr\/wp-content\/uploads\/2019\/08\/Pic-de-St-Bart\u00e9l\u00e9my-1024x760.jpg 1024w, https:\/\/caussou.fr\/wp-content\/uploads\/2019\/08\/Pic-de-St-Bart\u00e9l\u00e9my-300x223.jpg 300w, https:\/\/caussou.fr\/wp-content\/uploads\/2019\/08\/Pic-de-St-Bart\u00e9l\u00e9my-768x570.jpg 768w, https:\/\/caussou.fr\/wp-content\/uploads\/2019\/08\/Pic-de-St-Bart\u00e9l\u00e9my.jpg 1827w\" sizes=\"(max-width: 1024px) 100vw, 1024px\" \/><figcaption>Pic de St Bart\u00e9l\u00e9my<\/figcaption><\/figure><\/li><li class=\"blocks-gallery-item\"><figure><img loading=\"lazy\" decoding=\"async\" width=\"1024\" height=\"768\" src=\"http:\/\/caussou.fr\/wp-content\/uploads\/2019\/08\/Pic-de-Soularac-\u00e9tangs-1024x768.jpg\" alt=\"Pic de Soularac \u00e9tangs Caussou\" data-id=\"150\" data-link=\"http:\/\/caussou.fr\/index.php\/portoflio\/montagne\/pic-de-soularac-etangs\/\" class=\"wp-image-150\" srcset=\"https:\/\/caussou.fr\/wp-content\/uploads\/2019\/08\/Pic-de-Soularac-\u00e9tangs-1024x768.jpg 1024w, https:\/\/caussou.fr\/wp-content\/uploads\/2019\/08\/Pic-de-Soularac-\u00e9tangs-300x225.jpg 300w, https:\/\/caussou.fr\/wp-content\/uploads\/2019\/08\/Pic-de-Soularac-\u00e9tangs-768x576.jpg 768w, https:\/\/caussou.fr\/wp-content\/uploads\/2019\/08\/Pic-de-Soularac-\u00e9tangs.jpg 1500w\" sizes=\"(max-width: 1024px) 100vw, 1024px\" \/><figcaption>Pic de Soularac et \u00e9tangs<\/figcaption><\/figure><\/li><li class=\"blocks-gallery-item\"><figure><img loading=\"lazy\" decoding=\"async\" width=\"1024\" height=\"768\" src=\"http:\/\/caussou.fr\/wp-content\/uploads\/2019\/08\/Les-3000-ari\u00e9geois-1024x768.jpg\" alt=\"Les 3000 ari\u00e9geois Caussou\" data-id=\"149\" data-link=\"http:\/\/caussou.fr\/index.php\/portoflio\/montagne\/les-3000-ariegeois\/\" class=\"wp-image-149\" srcset=\"https:\/\/caussou.fr\/wp-content\/uploads\/2019\/08\/Les-3000-ari\u00e9geois-1024x768.jpg 1024w, https:\/\/caussou.fr\/wp-content\/uploads\/2019\/08\/Les-3000-ari\u00e9geois-300x225.jpg 300w, https:\/\/caussou.fr\/wp-content\/uploads\/2019\/08\/Les-3000-ari\u00e9geois-768x576.jpg 768w, https:\/\/caussou.fr\/wp-content\/uploads\/2019\/08\/Les-3000-ari\u00e9geois.jpg 1200w\" sizes=\"(max-width: 1024px) 100vw, 1024px\" \/><figcaption>Les 3000 ari\u00e9geois<\/figcaption><\/figure><\/li><li class=\"blocks-gallery-item\"><figure><img loading=\"lazy\" decoding=\"async\" width=\"1024\" height=\"576\" src=\"http:\/\/caussou.fr\/wp-content\/uploads\/2019\/08\/Ax-Bonascre-3-domaines1-1024x576.jpg\" alt=\"Ax Bonascre 3 domaines1 Caussou\" data-id=\"146\" data-link=\"http:\/\/caussou.fr\/index.php\/portoflio\/montagne\/ax-bonascre-3-domaines1\/\" class=\"wp-image-146\" srcset=\"https:\/\/caussou.fr\/wp-content\/uploads\/2019\/08\/Ax-Bonascre-3-domaines1-1024x576.jpg 1024w, https:\/\/caussou.fr\/wp-content\/uploads\/2019\/08\/Ax-Bonascre-3-domaines1-300x169.jpg 300w, https:\/\/caussou.fr\/wp-content\/uploads\/2019\/08\/Ax-Bonascre-3-domaines1-768x432.jpg 768w\" sizes=\"(max-width: 1024px) 100vw, 1024px\" \/><figcaption>Ax Bonascre 3 domaines1<\/figcaption><\/figure><\/li><li class=\"blocks-gallery-item\"><figure><img loading=\"lazy\" decoding=\"async\" width=\"1024\" height=\"576\" src=\"http:\/\/caussou.fr\/wp-content\/uploads\/2019\/08\/Ax-Bonascre-3-domaines2-1024x576.jpg\" alt=\"Ax Bonascre 3 domaines2 Caussou\" data-id=\"147\" data-link=\"http:\/\/caussou.fr\/index.php\/portoflio\/montagne\/ax-bonascre-3-domaines2\/\" class=\"wp-image-147\" srcset=\"https:\/\/caussou.fr\/wp-content\/uploads\/2019\/08\/Ax-Bonascre-3-domaines2-1024x576.jpg 1024w, https:\/\/caussou.fr\/wp-content\/uploads\/2019\/08\/Ax-Bonascre-3-domaines2-300x169.jpg 300w, https:\/\/caussou.fr\/wp-content\/uploads\/2019\/08\/Ax-Bonascre-3-domaines2-768x432.jpg 768w, https:\/\/caussou.fr\/wp-content\/uploads\/2019\/08\/Ax-Bonascre-3-domaines2.jpg 2000w\" sizes=\"(max-width: 1024px) 100vw, 1024px\" \/><figcaption>Ax Bonascre 3 domaines2<\/figcaption><\/figure><\/li><li class=\"blocks-gallery-item\"><figure><img loading=\"lazy\" decoding=\"async\" width=\"1000\" height=\"750\" src=\"http:\/\/caussou.fr\/wp-content\/uploads\/2019\/08\/Etangs-de-Fontargente.jpg\" alt=\"Etangs de Fontargente Caussou\" data-id=\"148\" data-link=\"http:\/\/caussou.fr\/index.php\/portoflio\/montagne\/etangs-de-fontargente\/\" class=\"wp-image-148\" srcset=\"https:\/\/caussou.fr\/wp-content\/uploads\/2019\/08\/Etangs-de-Fontargente.jpg 1000w, https:\/\/caussou.fr\/wp-content\/uploads\/2019\/08\/Etangs-de-Fontargente-300x225.jpg 300w, https:\/\/caussou.fr\/wp-content\/uploads\/2019\/08\/Etangs-de-Fontargente-768x576.jpg 768w\" sizes=\"(max-width: 1000px) 100vw, 1000px\" \/><figcaption>Etangs de Fontargente<\/figcaption><\/figure><\/li><li class=\"blocks-gallery-item\"><figure><img loading=\"lazy\" decoding=\"async\" width=\"640\" height=\"425\" src=\"http:\/\/caussou.fr\/wp-content\/uploads\/2019\/08\/R\u00e9serve-des-loups-dOrlu.jpeg\" alt=\"\" data-id=\"167\" data-link=\"http:\/\/caussou.fr\/index.php\/evenements\/activites-montagne-et-randonnee\/reserve-des-loups-dorlu\/\" class=\"wp-image-167\" srcset=\"https:\/\/caussou.fr\/wp-content\/uploads\/2019\/08\/R\u00e9serve-des-loups-dOrlu.jpeg 640w, https:\/\/caussou.fr\/wp-content\/uploads\/2019\/08\/R\u00e9serve-des-loups-dOrlu-300x199.jpeg 300w\" sizes=\"(max-width: 640px) 100vw, 640px\" \/><figcaption>R\u00e9serve des loups d&rsquo;Orly<\/figcaption><\/figure><\/li><\/ul>\n","protected":false},"excerpt":{"rendered":"<p>Caussou, c&rsquo;est bien s\u00fbr la montagne et ses multiples activit\u00e9s : randonn\u00e9e, escalade, ski, v\u00e9lo, canyoning, parapente&#8230; Vous trouverez ci-dessous [&hellip;]<\/p>\n","protected":false},"author":1,"featured_media":0,"parent":41,"menu_order":1,"comment_status":"closed","ping_status":"closed","template":"","meta":{"footnotes":""},"_links":{"self":[{"href":"https:\/\/caussou.fr\/index.php\/wp-json\/wp\/v2\/pages\/79"}],"collection":[{"href":"https:\/\/caussou.fr\/index.php\/wp-json\/wp\/v2\/pages"}],"about":[{"href":"https:\/\/caussou.fr\/index.php\/wp-json\/wp\/v2\/types\/page"}],"author":[{"embeddable":true,"href":"https:\/\/caussou.fr\/index.php\/wp-json\/wp\/v2\/users\/1"}],"replies":[{"embeddable":true,"href":"https:\/\/caussou.fr\/index.php\/wp-json\/wp\/v2\/comments?post=79"}],"version-history":[{"count":11,"href":"https:\/\/caussou.fr\/index.php\/wp-json\/wp\/v2\/pages\/79\/revisions"}],"predecessor-version":[{"id":440,"href":"https:\/\/caussou.fr\/index.php\/wp-json\/wp\/v2\/pages\/79\/revisions\/440"}],"up":[{"embeddable":true,"href":"https:\/\/caussou.fr\/index.php\/wp-json\/wp\/v2\/pages\/41"}],"wp:attachment":[{"href":"https:\/\/caussou.fr\/index.php\/wp-json\/wp\/v2\/media?parent=79"}],"curies":[{"name":"wp","href":"https:\/\/api.w.org\/{rel}","templated":true}]}}