{"id":66,"date":"2019-08-20T21:52:57","date_gmt":"2019-08-20T19:52:57","guid":{"rendered":"http:\/\/caussou.fr\/?page_id=66"},"modified":"2020-12-24T09:49:50","modified_gmt":"2020-12-24T08:49:50","slug":"mairie-et-administration","status":"publish","type":"page","link":"https:\/\/caussou.fr\/index.php\/mairie-et-administration\/","title":{"rendered":"Mairie et administration"},"content":{"rendered":"\n<div class=\"wp-block-image\"><figure class=\"aligncenter\"><img loading=\"lazy\" decoding=\"async\" width=\"800\" height=\"600\" src=\"http:\/\/caussou.fr\/wp-content\/uploads\/2019\/11\/Photo-0038.jpg\" alt=\"\" class=\"wp-image-313\" srcset=\"https:\/\/caussou.fr\/wp-content\/uploads\/2019\/11\/Photo-0038.jpg 800w, https:\/\/caussou.fr\/wp-content\/uploads\/2019\/11\/Photo-0038-300x225.jpg 300w, https:\/\/caussou.fr\/wp-content\/uploads\/2019\/11\/Photo-0038-768x576.jpg 768w\" sizes=\"(max-width: 800px) 100vw, 800px\" \/><\/figure><\/div>\n\n\n\n<p>Mairie de Caussou<\/p>\n\n\n\n<p>RD 20, Place Saint Jean Baptiste<\/p>\n\n\n\n<p>09250 Caussou.<\/p>\n\n\n\n<ul><li>Tel : &nbsp;05.61.01.59.89&nbsp;<\/li><li>Email : &nbsp;mairie.caussou@wanadoo.fr<\/li><\/ul>\n\n\n\n<p>Vous trouverez la Mairie \u00e0 c\u00f4t\u00e9 de l&rsquo;\u00e9glise, sur la route principale qui m\u00e8ne au col de Marmare.<\/p>\n\n\n\n<p>Une permanence a lieu tous les jeudis, de 17h \u00e0 18h.<\/p>\n\n\n\n<p><strong>Le Maire actuel de Caussou est Anne LAPLUME.<\/strong><\/p>\n\n\n\n<p>L&rsquo;\u00e9quipe communale est compos\u00e9e de :<\/p>\n\n\n\n<ul><li><strong>1\u00e8re Adjointe<\/strong> : Suzanne PONT<\/li><li><strong>2\u00e8me Adjoint<\/strong> : &nbsp;Landry CHAMPOUSSIN<\/li><li><strong>Conseillers municipaux<\/strong> : Philippe BONNIN, Jacques CLANET, Michel GARCIA, Laurent PONT.<\/li><li><strong>Secr\u00e9taire de Mairie<\/strong> : &nbsp;Sandrine DERAMOND&nbsp;<\/li><li><strong>Employ\u00e9 communal<\/strong> : &nbsp;Serge DE LAPENA&nbsp;<\/li><\/ul>\n\n\n\n<figure class=\"wp-block-image size-large\"><img loading=\"lazy\" decoding=\"async\" width=\"843\" height=\"561\" src=\"http:\/\/caussou.fr\/wp-content\/uploads\/2020\/12\/Caussou-\u00e9quipe-municipale-2020.png\" alt=\"Caussou-\u00e9quipe-municipale-2020\" class=\"wp-image-487\" srcset=\"https:\/\/caussou.fr\/wp-content\/uploads\/2020\/12\/Caussou-\u00e9quipe-municipale-2020.png 843w, https:\/\/caussou.fr\/wp-content\/uploads\/2020\/12\/Caussou-\u00e9quipe-municipale-2020-300x200.png 300w, https:\/\/caussou.fr\/wp-content\/uploads\/2020\/12\/Caussou-\u00e9quipe-municipale-2020-768x511.png 768w\" sizes=\"(max-width: 843px) 100vw, 843px\" \/><\/figure>\n\n\n\n<p>Pour vos d\u00e9marches administratives, allez \u00e0 la page :<\/p>\n\n\n\n<p style=\"color:#ee5102\" class=\"has-text-color\"><a rel=\"noreferrer noopener\" aria-label=\"page correspondante (s\u2019ouvre dans un nouvel onglet)\" href=\"http:\/\/caussou.fr\/index.php\/mairie-et-administration\/demarches-administratives\/\" target=\"_blank\"> D\u00e9marches administratives<\/a>.<\/p>\n","protected":false},"excerpt":{"rendered":"<p>Mairie de Caussou RD 20, Place Saint Jean Baptiste 09250 Caussou. Tel : &nbsp;05.61.01.59.89&nbsp; Email : &nbsp;mairie.caussou@wanadoo.fr Vous trouverez la [&hellip;]<\/p>\n","protected":false},"author":1,"featured_media":0,"parent":0,"menu_order":0,"comment_status":"closed","ping_status":"closed","template":"","meta":{"footnotes":""},"_links":{"self":[{"href":"https:\/\/caussou.fr\/index.php\/wp-json\/wp\/v2\/pages\/66"}],"collection":[{"href":"https:\/\/caussou.fr\/index.php\/wp-json\/wp\/v2\/pages"}],"about":[{"href":"https:\/\/caussou.fr\/index.php\/wp-json\/wp\/v2\/types\/page"}],"author":[{"embeddable":true,"href":"https:\/\/caussou.fr\/index.php\/wp-json\/wp\/v2\/users\/1"}],"replies":[{"embeddable":true,"href":"https:\/\/caussou.fr\/index.php\/wp-json\/wp\/v2\/comments?post=66"}],"version-history":[{"count":15,"href":"https:\/\/caussou.fr\/index.php\/wp-json\/wp\/v2\/pages\/66\/revisions"}],"predecessor-version":[{"id":492,"href":"https:\/\/caussou.fr\/index.php\/wp-json\/wp\/v2\/pages\/66\/revisions\/492"}],"wp:attachment":[{"href":"https:\/\/caussou.fr\/index.php\/wp-json\/wp\/v2\/media?parent=66"}],"curies":[{"name":"wp","href":"https:\/\/api.w.org\/{rel}","templated":true}]}}