{"id":629,"date":"2022-04-19T15:25:05","date_gmt":"2022-04-19T13:25:05","guid":{"rendered":"http:\/\/caussou.fr\/?page_id=629"},"modified":"2022-04-19T15:52:02","modified_gmt":"2022-04-19T13:52:02","slug":"hebergements","status":"publish","type":"page","link":"https:\/\/caussou.fr\/index.php\/bienvenue-a-caussou\/hebergements\/","title":{"rendered":"H\u00e9bergements"},"content":{"rendered":"<div id=\"pl-629\" class=\"panel-layout\">\n<div id=\"pg-629-0\" class=\"panel-grid panel-no-style\">\n<div id=\"pgc-629-0-0\" class=\"panel-grid-cell\" data-weight=\"1\">\n<h4 id=\"panel-629-0-0-0\" class=\"so-panel widget widget_block panel-first-child\" data-index=\"0\" data-style=\"{&quot;background_image_attachment&quot;:false,&quot;background_display&quot;:&quot;tile&quot;}\"><span style=\"color: #ff0000;\">Des h\u00e9bergements en location \u00e0 la semaine ou au mois&#8230;<\/span><\/h4>\n<\/div>\n<\/div>\n<\/div>\n<div style=\"text-align: right;\" data-index=\"0\" data-style=\"{&quot;background_image_attachment&quot;:false,&quot;background_display&quot;:&quot;tile&quot;}\">.<\/div>\n<div data-index=\"0\" data-style=\"{&quot;background_image_attachment&quot;:false,&quot;background_display&quot;:&quot;tile&quot;}\"><\/div>\n<div data-index=\"0\" data-style=\"{&quot;background_image_attachment&quot;:false,&quot;background_display&quot;:&quot;tile&quot;}\"><span style=\"text-decoration: underline;\"><strong>Chez Mathilde et Thierry :<\/strong><\/span><\/div>\n<div data-index=\"0\" data-style=\"{&quot;background_image_attachment&quot;:false,&quot;background_display&quot;:&quot;tile&quot;}\">\n<ul>\n<li>Rez de chauss\u00e9e : entr\u00e9e, salle \u00e0 manger, coin-cuisine, wc.<\/li>\n<li>1er \u00e9tage: salon, salle \u00e0 manger, coin-cuisine, chambre double, salle d&rsquo;eau, wc.<\/li>\n<li>2\u00e8me \u00e9tage : 3 chambres doubles, lavabo s\u00e9par\u00e9, wc.<\/li>\n<li>3 lits doubles et 2 lits simples<\/li>\n<li>Garage<\/li>\n<\/ul>\n<p><span style=\"text-decoration: underline;\"><span style=\"color: #ff0000;\"><a style=\"color: #ff0000; text-decoration: underline;\" href=\"https:\/\/www.amivac.com\/location-vacances\/annonce-91902490?nbAdultes=2\" target=\"_blank\" rel=\"noopener\">Site internet du g\u00eete<\/a><\/span><\/span><\/p>\n<\/div>\n<div data-index=\"0\" data-style=\"{&quot;background_image_attachment&quot;:false,&quot;background_display&quot;:&quot;tile&quot;}\">**********<\/div>\n<div data-index=\"0\" data-style=\"{&quot;background_image_attachment&quot;:false,&quot;background_display&quot;:&quot;tile&quot;}\"><\/div>\n<div data-index=\"0\" data-style=\"{&quot;background_image_attachment&quot;:false,&quot;background_display&quot;:&quot;tile&quot;}\"><span style=\"text-decoration: underline;\"><strong>G\u00eete de Marmare :<\/strong><\/span><\/div>\n<div data-index=\"0\" data-style=\"{&quot;background_image_attachment&quot;:false,&quot;background_display&quot;:&quot;tile&quot;}\">\n<ul class=\"elementor-icon-list-items\">\n<li class=\"elementor-icon-list-item\"><span class=\"elementor-icon-list-text\">Jusqu&rsquo;\u00e0 8 personnes<\/span><\/li>\n<li class=\"elementor-icon-list-item\"><span class=\"elementor-icon-list-text\">4 chambres<\/span><\/li>\n<li class=\"elementor-icon-list-item\"><span class=\"elementor-icon-list-text\">2 salles de bains, 2 WC<\/span><\/li>\n<li class=\"elementor-icon-list-item\"><span class=\"elementor-icon-list-text\">Chauffage central et po\u00eale \u00e0 bois<\/span><\/li>\n<li class=\"elementor-icon-list-item\"><span class=\"elementor-icon-list-text\">WIFI<\/span><\/li>\n<li class=\"elementor-icon-list-item\"><span class=\"elementor-icon-list-text\">TV connect\u00e9e<\/span><\/li>\n<li class=\"elementor-icon-list-item\"><i class=\"fas fa-check-double\" aria-hidden=\"true\"><\/i><span class=\"elementor-icon-list-text\">Cour cl\u00f4tur\u00e9e<\/span><\/li>\n<\/ul>\n<p><span style=\"text-decoration: underline;\"><span style=\"color: #ff0000;\"><a style=\"color: #ff0000; text-decoration: underline;\" href=\"https:\/\/lemarmare.fr\/legite\/\" target=\"_blank\" rel=\"noopener\">Site internet du g\u00eete<\/a><\/span><\/span><\/p>\n<\/div>\n","protected":false},"excerpt":{"rendered":"<p>Des h\u00e9bergements en location \u00e0 la semaine ou au mois&#8230; . Chez Mathilde et Thierry : Rez de chauss\u00e9e : [&hellip;]<\/p>\n","protected":false},"author":1,"featured_media":0,"parent":22,"menu_order":1,"comment_status":"closed","ping_status":"closed","template":"","meta":{"footnotes":""},"_links":{"self":[{"href":"https:\/\/caussou.fr\/index.php\/wp-json\/wp\/v2\/pages\/629"}],"collection":[{"href":"https:\/\/caussou.fr\/index.php\/wp-json\/wp\/v2\/pages"}],"about":[{"href":"https:\/\/caussou.fr\/index.php\/wp-json\/wp\/v2\/types\/page"}],"author":[{"embeddable":true,"href":"https:\/\/caussou.fr\/index.php\/wp-json\/wp\/v2\/users\/1"}],"replies":[{"embeddable":true,"href":"https:\/\/caussou.fr\/index.php\/wp-json\/wp\/v2\/comments?post=629"}],"version-history":[{"count":15,"href":"https:\/\/caussou.fr\/index.php\/wp-json\/wp\/v2\/pages\/629\/revisions"}],"predecessor-version":[{"id":648,"href":"https:\/\/caussou.fr\/index.php\/wp-json\/wp\/v2\/pages\/629\/revisions\/648"}],"up":[{"embeddable":true,"href":"https:\/\/caussou.fr\/index.php\/wp-json\/wp\/v2\/pages\/22"}],"wp:attachment":[{"href":"https:\/\/caussou.fr\/index.php\/wp-json\/wp\/v2\/media?parent=629"}],"curies":[{"name":"wp","href":"https:\/\/api.w.org\/{rel}","templated":true}]}}