{"id":41,"date":"2019-07-05T15:14:09","date_gmt":"2019-07-05T13:14:09","guid":{"rendered":"http:\/\/caussou.fr\/?page_id=41"},"modified":"2019-08-22T00:19:57","modified_gmt":"2019-08-21T22:19:57","slug":"evenements","status":"publish","type":"page","link":"https:\/\/caussou.fr\/index.php\/evenements\/","title":{"rendered":"A voir, \u00e0 faire"},"content":{"rendered":"\n<figure class=\"wp-block-image\"><img loading=\"lazy\" decoding=\"async\" width=\"1024\" height=\"768\" src=\"http:\/\/caussou.fr\/wp-content\/uploads\/2019\/08\/DSCF1718-1024x768.jpg\" alt=\"Vue vall\u00e9e Caussou\" class=\"wp-image-188\" srcset=\"https:\/\/caussou.fr\/wp-content\/uploads\/2019\/08\/DSCF1718.jpg 1024w, https:\/\/caussou.fr\/wp-content\/uploads\/2019\/08\/DSCF1718-300x225.jpg 300w, https:\/\/caussou.fr\/wp-content\/uploads\/2019\/08\/DSCF1718-768x576.jpg 768w\" sizes=\"(max-width: 1024px) 100vw, 1024px\" \/><\/figure>\n\n\n\n<p>Caussou, c&rsquo;est tout d&rsquo;abord la montagne et ses activit\u00e9s de plein air. Mais c&rsquo;est aussi des sites historiques et culturels qui \u00e9veilleront la curiosit\u00e9 des petits et grands !<\/p>\n\n\n\n<p style=\"color:#ff0000\" class=\"has-text-color\">Infos sur : <a href=\"http:\/\/caussou.fr\/index.php\/evenements\/activites-montagne-et-randonnee\/\" target=\"_blank\" rel=\"noreferrer noopener\" aria-label=\"les activit\u00e9s nature et randonn\u00e9e (s\u2019ouvre dans un nouvel onglet)\">les activit\u00e9s nature et randonn\u00e9e<\/a><\/p>\n\n\n\n<p style=\"color:#ff0000\" class=\"has-text-color\">Infos sur : <a href=\"http:\/\/caussou.fr\/index.php\/evenements\/musees-et-visites\/\" target=\"_blank\" rel=\"noreferrer noopener\" aria-label=\"les mus\u00e9es et les visites (s\u2019ouvre dans un nouvel onglet)\">les mus\u00e9es et les visites<\/a><\/p>\n","protected":false},"excerpt":{"rendered":"<p>Caussou, c&rsquo;est tout d&rsquo;abord la montagne et ses activit\u00e9s de plein air. Mais c&rsquo;est aussi des sites historiques et culturels [&hellip;]<\/p>\n","protected":false},"author":1,"featured_media":0,"parent":0,"menu_order":0,"comment_status":"closed","ping_status":"closed","template":"","meta":{"footnotes":""},"_links":{"self":[{"href":"https:\/\/caussou.fr\/index.php\/wp-json\/wp\/v2\/pages\/41"}],"collection":[{"href":"https:\/\/caussou.fr\/index.php\/wp-json\/wp\/v2\/pages"}],"about":[{"href":"https:\/\/caussou.fr\/index.php\/wp-json\/wp\/v2\/types\/page"}],"author":[{"embeddable":true,"href":"https:\/\/caussou.fr\/index.php\/wp-json\/wp\/v2\/users\/1"}],"replies":[{"embeddable":true,"href":"https:\/\/caussou.fr\/index.php\/wp-json\/wp\/v2\/comments?post=41"}],"version-history":[{"count":4,"href":"https:\/\/caussou.fr\/index.php\/wp-json\/wp\/v2\/pages\/41\/revisions"}],"predecessor-version":[{"id":192,"href":"https:\/\/caussou.fr\/index.php\/wp-json\/wp\/v2\/pages\/41\/revisions\/192"}],"wp:attachment":[{"href":"https:\/\/caussou.fr\/index.php\/wp-json\/wp\/v2\/media?parent=41"}],"curies":[{"name":"wp","href":"https:\/\/api.w.org\/{rel}","templated":true}]}}