{"id":122,"date":"2019-08-21T11:17:38","date_gmt":"2019-08-21T09:17:38","guid":{"rendered":"http:\/\/caussou.fr\/?page_id=122"},"modified":"2019-08-21T11:34:50","modified_gmt":"2019-08-21T09:34:50","slug":"leglise","status":"publish","type":"page","link":"https:\/\/caussou.fr\/index.php\/bienvenue-a-caussou\/leglise\/","title":{"rendered":"L&rsquo;\u00e9glise"},"content":{"rendered":"<p><span style=\"color: #ff0000;\">Le Clocher de Caussou et Bestiac<\/span> est une association qui\u00a0a pour objet d&rsquo;\u0153uvrer \u00e0 la sauvegarde et \u00e0 l&#8217;embellissement de l&rsquo;\u00e9glise commune des villages de Caussou et Bestiac et d&rsquo;assurer sa notori\u00e9t\u00e9.<\/p>\n<p>A ce titre, elle pourra faire des propositions de travaux aux municipalit\u00e9s des deux communes, organiser des souscriptions publiques ainsi que des manifestations \u00e0 caract\u00e8re culturel (conf\u00e9rences, expositions, concerts, par exemple), conduire des actions de communication, rechercher des soutiens financiers aux divers projets de travaux et achats et, occasionnellement,<span class=\"Apple-converted-space\">\u00a0 <\/span>proc\u00e9der \u00e0 des ventes d&rsquo;objets (brochures, cartes postales, etc.).<\/p>\n<p>L&rsquo;association pourra effectuer elle-m\u00eame certains travaux ou achats pour la restauration ou l&#8217;embellissement de l&rsquo;\u00e9glise et cela soit par la participation b\u00e9n\u00e9vole des membres soit en ayant recours \u00e0 une ou des entreprises qui seront r\u00e9mun\u00e9r\u00e9es par l&rsquo;association.<\/p>\n<p>L&rsquo;association envisage la cr\u00e9ation d&rsquo;un petit mus\u00e9e de l&rsquo;\u00e9glise qui permettra \u00e0 la fois de s\u00e9curiser les objets pr\u00e9cieux que celle-ci d\u00e9tient et de les mettre \u00e0 la vue du public auquel ce mus\u00e9e sera accessible gratuitement.<\/p>\n<p>Le si\u00e8ge social est fix\u00e9 \u00e0 la mairie de Caussou, 09250 CAUSSOU.<\/p>\n<p>Serge DE LAPENA en est le pr\u00e9sident, Simone PERPERE la secr\u00e9taire et Suzanne PONT la tr\u00e9sori\u00e8re.<\/p>\n<p>Si vous souhaitez adh\u00e9rer et\/ou faire un don (avec d\u00e9duction fiscale), voici <a href=\"http:\/\/caussou.fr\/wp-content\/uploads\/2019\/08\/clocherCB_bulletin.pdf\" target=\"_blank\" rel=\"noopener noreferrer\"><span style=\"color: #ff0000;\">le bulletin d&rsquo;inscription<\/span><\/a>.<\/p>\n\n\n<figure class=\"wp-block-image\"><img loading=\"lazy\" decoding=\"async\" width=\"900\" height=\"607\" src=\"http:\/\/caussou.fr\/wp-content\/uploads\/2019\/08\/Capture-d\u2019\u00e9cran-2019-08-21-\u00e0-11.24.45-1.png\" alt=\"\" class=\"wp-image-130\" srcset=\"https:\/\/caussou.fr\/wp-content\/uploads\/2019\/08\/Capture-d\u2019\u00e9cran-2019-08-21-\u00e0-11.24.45-1.png 900w, https:\/\/caussou.fr\/wp-content\/uploads\/2019\/08\/Capture-d\u2019\u00e9cran-2019-08-21-\u00e0-11.24.45-1-300x202.png 300w, https:\/\/caussou.fr\/wp-content\/uploads\/2019\/08\/Capture-d\u2019\u00e9cran-2019-08-21-\u00e0-11.24.45-1-768x518.png 768w\" sizes=\"(max-width: 900px) 100vw, 900px\" \/><\/figure>\n\n\n\n<figure class=\"wp-block-image\"><img loading=\"lazy\" decoding=\"async\" width=\"800\" height=\"549\" src=\"http:\/\/caussou.fr\/wp-content\/uploads\/2019\/08\/Capture-d\u2019\u00e9cran-2019-08-21-\u00e0-11.31.03.png\" alt=\"\" class=\"wp-image-132\" srcset=\"https:\/\/caussou.fr\/wp-content\/uploads\/2019\/08\/Capture-d\u2019\u00e9cran-2019-08-21-\u00e0-11.31.03.png 800w, https:\/\/caussou.fr\/wp-content\/uploads\/2019\/08\/Capture-d\u2019\u00e9cran-2019-08-21-\u00e0-11.31.03-300x206.png 300w, https:\/\/caussou.fr\/wp-content\/uploads\/2019\/08\/Capture-d\u2019\u00e9cran-2019-08-21-\u00e0-11.31.03-768x527.png 768w\" sizes=\"(max-width: 800px) 100vw, 800px\" \/><\/figure>\n","protected":false},"excerpt":{"rendered":"<p>Le Clocher de Caussou et Bestiac est une association qui\u00a0a pour objet d&rsquo;\u0153uvrer \u00e0 la sauvegarde et \u00e0 l&#8217;embellissement de [&hellip;]<\/p>\n","protected":false},"author":1,"featured_media":0,"parent":22,"menu_order":1,"comment_status":"closed","ping_status":"closed","template":"","meta":{"footnotes":""},"_links":{"self":[{"href":"https:\/\/caussou.fr\/index.php\/wp-json\/wp\/v2\/pages\/122"}],"collection":[{"href":"https:\/\/caussou.fr\/index.php\/wp-json\/wp\/v2\/pages"}],"about":[{"href":"https:\/\/caussou.fr\/index.php\/wp-json\/wp\/v2\/types\/page"}],"author":[{"embeddable":true,"href":"https:\/\/caussou.fr\/index.php\/wp-json\/wp\/v2\/users\/1"}],"replies":[{"embeddable":true,"href":"https:\/\/caussou.fr\/index.php\/wp-json\/wp\/v2\/comments?post=122"}],"version-history":[{"count":5,"href":"https:\/\/caussou.fr\/index.php\/wp-json\/wp\/v2\/pages\/122\/revisions"}],"predecessor-version":[{"id":134,"href":"https:\/\/caussou.fr\/index.php\/wp-json\/wp\/v2\/pages\/122\/revisions\/134"}],"up":[{"embeddable":true,"href":"https:\/\/caussou.fr\/index.php\/wp-json\/wp\/v2\/pages\/22"}],"wp:attachment":[{"href":"https:\/\/caussou.fr\/index.php\/wp-json\/wp\/v2\/media?parent=122"}],"curies":[{"name":"wp","href":"https:\/\/api.w.org\/{rel}","templated":true}]}}