{"id":409,"date":"2019-11-17T22:36:35","date_gmt":"2019-11-17T21:36:35","guid":{"rendered":"http:\/\/caussou.fr\/?page_id=409"},"modified":"2019-11-17T22:39:44","modified_gmt":"2019-11-17T21:39:44","slug":"les-associations","status":"publish","type":"page","link":"http:\/\/caussou.fr\/index.php\/bienvenue-a-caussou\/les-associations\/","title":{"rendered":"Les associations"},"content":{"rendered":"<div id=\"pl-409\" class=\"panel-layout\">\n<div id=\"pg-409-0\" class=\"panel-grid panel-no-style\">\n<div id=\"pgc-409-0-0\" class=\"panel-grid-cell\" data-weight=\"1\">\n<div id=\"panel-409-0-0-0\" class=\"so-panel widget widget_siteorigin-panels-post-content panel-first-child panel-last-child\" data-index=\"0\" data-style=\"{&quot;background_image_attachment&quot;:false,&quot;background_display&quot;:&quot;tile&quot;}\">Les associations de Caussou :<\/div>\n<div style=\"text-align: right;\" data-index=\"0\" data-style=\"{&quot;background_image_attachment&quot;:false,&quot;background_display&quot;:&quot;tile&quot;}\">.<\/div>\n<\/div>\n<div data-index=\"0\" data-style=\"{&quot;background_image_attachment&quot;:false,&quot;background_display&quot;:&quot;tile&quot;}\">\n<ul>\n<li><strong>Le Comit\u00e9 des F\u00eates<span class=\"Apple-converted-space\">\u00a0:<\/span><\/strong><\/li>\n<\/ul>\n<p>Pr\u00e9sident : Guillaume GIL &#8211; \uf029 06.88.62.76.89<span class=\"Apple-converted-space\">\u00a0<\/span><\/p>\n<p>Mail : comitedesfetescaussou@gmail.com<span class=\"Apple-converted-space\">\u00a0<\/span><\/p>\n<p>Facebook : Festivit\u00e9s Caussou Bestiac<span class=\"Apple-converted-space\">\u00a0<\/span><\/p>\n<ul>\n<li><strong>CCAC (Caussou Caf\u00e9 Associatif et Culturel)<span class=\"Apple-converted-space\">\u00a0:<\/span><\/strong><\/li>\n<\/ul>\n<p>Pr\u00e9sident : Laurent PONT &#8211; \uf029 06.72.57.17.49<span class=\"Apple-converted-space\">\u00a0<\/span><\/p>\n<p>Mail : ccac.lestanquet@gmail.com<span class=\"Apple-converted-space\">\u00a0<\/span><\/p>\n<p>www.facebook.com\/ccac.lestanquet<\/p>\n<ul>\n<li><strong>Le clocher de Caussou et Bestiac<span class=\"Apple-converted-space\">\u00a0:<\/span><\/strong><\/li>\n<\/ul>\n<p>Pr\u00e9sident : Serge DE LAPENA<span class=\"Apple-converted-space\">\u00a0<\/span><\/p>\n<p>06.74.74.01.35<span class=\"Apple-converted-space\">\u00a0<\/span><\/p>\n<ul>\n<li><strong>AICA (Association Intercommunale de Chasse Agr\u00e9\u00e9e)<span class=\"Apple-converted-space\">\u00a0:<\/span><\/strong><\/li>\n<\/ul>\n<p>Pr\u00e9sident : Georges ROUAN &#8211; 06.28.21.02.85<span class=\"Apple-converted-space\">\u00a0<\/span><\/p>\n<p>Tr\u00e9sorier : David ROUAN<span class=\"Apple-converted-space\">\u00a0<\/span><\/p>\n<ul>\n<li><strong>La Soci\u00e9t\u00e9 de P\u00eache Caussou Bestiac<span class=\"Apple-converted-space\">\u00a0:<\/span><\/strong><\/li>\n<\/ul>\n<p>Pr\u00e9sident : Florent COLLET &#8211; 06.01.90.07.37<span class=\"Apple-converted-space\">\u00a0<\/span><\/p>\n<p>Secr\u00e9taire : Serge FERRE<span class=\"Apple-converted-space\">\u00a0<\/span><\/p>\n<p>Tr\u00e9sorier : Christian CLANET<span class=\"Apple-converted-space\">\u00a0<\/span><\/p>\n<\/div>\n<\/div>\n<div id=\"pg-409-1\" class=\"panel-grid panel-no-style\" data-style=\"{&quot;background_image_attachment&quot;:false,&quot;background_display&quot;:&quot;tile&quot;,&quot;cell_alignment&quot;:&quot;flex-start&quot;}\" data-ratio=\"1\" data-ratio-direction=\"right\">\n<div id=\"pgc-409-1-0\" class=\"panel-grid-cell panel-grid-cell-empty\" data-style=\"{&quot;background_image_attachment&quot;:false,&quot;background_display&quot;:&quot;tile&quot;,&quot;vertical_alignment&quot;:&quot;auto&quot;}\" data-weight=\"1\"><\/div>\n<\/div>\n<\/div>\n","protected":false},"excerpt":{"rendered":"<p>Les associations de Caussou : . Le Comit\u00e9 des F\u00eates\u00a0: Pr\u00e9sident : Guillaume GIL &#8211; \uf029 06.88.62.76.89\u00a0 Mail : comitedesfetescaussou@gmail.com\u00a0 [&hellip;]<\/p>\n","protected":false},"author":1,"featured_media":0,"parent":22,"menu_order":1,"comment_status":"closed","ping_status":"closed","template":"","meta":{"footnotes":""},"_links":{"self":[{"href":"http:\/\/caussou.fr\/index.php\/wp-json\/wp\/v2\/pages\/409"}],"collection":[{"href":"http:\/\/caussou.fr\/index.php\/wp-json\/wp\/v2\/pages"}],"about":[{"href":"http:\/\/caussou.fr\/index.php\/wp-json\/wp\/v2\/types\/page"}],"author":[{"embeddable":true,"href":"http:\/\/caussou.fr\/index.php\/wp-json\/wp\/v2\/users\/1"}],"replies":[{"embeddable":true,"href":"http:\/\/caussou.fr\/index.php\/wp-json\/wp\/v2\/comments?post=409"}],"version-history":[{"count":4,"href":"http:\/\/caussou.fr\/index.php\/wp-json\/wp\/v2\/pages\/409\/revisions"}],"predecessor-version":[{"id":414,"href":"http:\/\/caussou.fr\/index.php\/wp-json\/wp\/v2\/pages\/409\/revisions\/414"}],"up":[{"embeddable":true,"href":"http:\/\/caussou.fr\/index.php\/wp-json\/wp\/v2\/pages\/22"}],"wp:attachment":[{"href":"http:\/\/caussou.fr\/index.php\/wp-json\/wp\/v2\/media?parent=409"}],"curies":[{"name":"wp","href":"https:\/\/api.w.org\/{rel}","templated":true}]}}