{"id":22,"date":"2019-07-05T14:33:14","date_gmt":"2019-07-05T12:33:14","guid":{"rendered":"http:\/\/caussou.fr\/?page_id=22"},"modified":"2023-12-21T11:42:01","modified_gmt":"2023-12-21T10:42:01","slug":"bienvenue-a-caussou","status":"publish","type":"page","link":"http:\/\/caussou.fr\/index.php\/bienvenue-a-caussou\/","title":{"rendered":"Le village"},"content":{"rendered":"<div class=\"wp-block-image\">\n<figure class=\"aligncenter\"><img loading=\"lazy\" decoding=\"async\" width=\"640\" height=\"480\" src=\"http:\/\/caussou.fr\/wp-content\/uploads\/2019\/08\/IMG_0698.jpeg\" alt=\"Caussou village\" class=\"wp-image-55\" srcset=\"http:\/\/caussou.fr\/wp-content\/uploads\/2019\/08\/IMG_0698.jpeg 640w, http:\/\/caussou.fr\/wp-content\/uploads\/2019\/08\/IMG_0698-300x225.jpeg 300w\" sizes=\"(max-width: 640px) 100vw, 640px\" \/><\/figure><\/div>\n\n\n<p>Le village de Caussou et son hameau de Savenac, c&rsquo;est la montagne, les for\u00eats, les estives&#8230; Nich\u00e9 au coeur de l&rsquo;Ari\u00e8ge, il est situ\u00e9 sur la Route des Corniches (RD20) au pied du Massif de Saint Barth\u00e9l\u00e9my et menant au Col de Marmare.<\/p>\n\n\n\n<p>La commune s&rsquo;\u00e9tend des altitudes 760 \u00e0 1920m. Le village est situ\u00e9 autour de 850m d&rsquo;altitude ; il est travers\u00e9 par les ruisseaux de la Coume d&rsquo;Amont et de Marmare, alimentant ses nombreuses fontaines.<\/p>\n\n\n\n<p>Les Caussounais sont une soixantaine, et les r\u00e9sidents non permanents sont tout aussi nombreux. L&rsquo;\u00e9t\u00e9, lors de la F\u00eate de Caussou (connue jusque Toulouse !), le nombre de \u00ab\u00a0r\u00e9sidents\u00a0\u00bb peut monter jusqu&rsquo;\u00e0 un millier pendant 3 jours !!<\/p>\n\n\n\n<p>Depuis plusieurs ann\u00e9es, Caussou s\u2019inscrit au concours des villes et villages fleuris organis\u00e9 par le Conseil D\u00e9partemental de l\u2019Ari\u00e8ge qui r\u00e9compense les communes engag\u00e9es dans une strat\u00e9gie d\u2019am\u00e9lioration du cadre de vie.&nbsp;&nbsp;Notons que le fleurissement du village est uniquement assur\u00e9 par des b\u00e9n\u00e9voles.&nbsp;<\/p>\n\n\n\n<p>Un jury visite les communes et \u00e9value la qualit\u00e9 du cadre de vie qu\u2019elle offre \u00e0 ses r\u00e9sidents et \u00e0 ses visiteurs. \u00a0R\u00e9guli\u00e8rement, Caussou obtient des prix au concours des villages fleuris d&rsquo;Ari\u00e8ge pour les communes de moins de 100 habitants.<\/p>\n\n\n\n<figure class=\"wp-block-image size-full\"><img loading=\"lazy\" decoding=\"async\" width=\"508\" height=\"305\" src=\"http:\/\/caussou.fr\/wp-content\/uploads\/2023\/12\/Capture-decran-2023-12-21-a-11.33.49.png\" alt=\"\" class=\"wp-image-763\" srcset=\"http:\/\/caussou.fr\/wp-content\/uploads\/2023\/12\/Capture-decran-2023-12-21-a-11.33.49.png 508w, http:\/\/caussou.fr\/wp-content\/uploads\/2023\/12\/Capture-decran-2023-12-21-a-11.33.49-300x180.png 300w\" sizes=\"(max-width: 508px) 100vw, 508px\" \/><\/figure>\n\n\n\n<p class=\"has-text-align-right\">.<\/p>\n\n\n\n<p>Venez d\u00e9couvrir ses fontaines et fl\u00e2ner dans ses ruelles escarp\u00e9es qui font le charme du village !<\/p>\n\n\n\n<p class=\"has-text-color\" style=\"color:#ff0000\"><a rel=\"noreferrer noopener\" aria-label=\" (s\u2019ouvre dans un nouvel onglet)\" href=\"http:\/\/caussou.fr\/index.php\/bienvenue-a-caussou\/bulletins-dinformation-de-caussou\/\" target=\"_blank\">Retrouvez les bulletins d&rsquo;information de Caussou ici.<\/a><\/p>\n","protected":false},"excerpt":{"rendered":"<p>Le village de Caussou et son hameau de Savenac, c&rsquo;est la montagne, les for\u00eats, les estives&#8230; Nich\u00e9 au coeur de [&hellip;]<\/p>\n","protected":false},"author":1,"featured_media":0,"parent":0,"menu_order":0,"comment_status":"closed","ping_status":"closed","template":"","meta":{"footnotes":""},"_links":{"self":[{"href":"http:\/\/caussou.fr\/index.php\/wp-json\/wp\/v2\/pages\/22"}],"collection":[{"href":"http:\/\/caussou.fr\/index.php\/wp-json\/wp\/v2\/pages"}],"about":[{"href":"http:\/\/caussou.fr\/index.php\/wp-json\/wp\/v2\/types\/page"}],"author":[{"embeddable":true,"href":"http:\/\/caussou.fr\/index.php\/wp-json\/wp\/v2\/users\/1"}],"replies":[{"embeddable":true,"href":"http:\/\/caussou.fr\/index.php\/wp-json\/wp\/v2\/comments?post=22"}],"version-history":[{"count":22,"href":"http:\/\/caussou.fr\/index.php\/wp-json\/wp\/v2\/pages\/22\/revisions"}],"predecessor-version":[{"id":766,"href":"http:\/\/caussou.fr\/index.php\/wp-json\/wp\/v2\/pages\/22\/revisions\/766"}],"wp:attachment":[{"href":"http:\/\/caussou.fr\/index.php\/wp-json\/wp\/v2\/media?parent=22"}],"curies":[{"name":"wp","href":"https:\/\/api.w.org\/{rel}","templated":true}]}}