{"id":201,"date":"2019-08-28T10:42:39","date_gmt":"2019-08-28T08:42:39","guid":{"rendered":"http:\/\/caussou.fr\/?page_id=201"},"modified":"2019-08-28T23:06:45","modified_gmt":"2019-08-28T21:06:45","slug":"un-peu-dhistoire","status":"publish","type":"page","link":"http:\/\/caussou.fr\/index.php\/bienvenue-a-caussou\/un-peu-dhistoire\/","title":{"rendered":"Un peu d&rsquo;histoire&#8230;"},"content":{"rendered":"<h3><span style=\"color: #ff0000;\">Le nom de Caussou<\/span><\/h3>\n<p>Le nom de Caussou est tr\u00e8s vieux et l\u2019on peut en retrouver la trace dans un certain nombre d\u2019\u00e9crits anciens, parfois m\u00eame orthographi\u00e9 <em>Causso<\/em>, <em>Causson <\/em>ou<em>Caussone. <\/em>Une charte de 1074 cite d\u00e9j\u00e0 les noms des villages de <em>Cauzun <\/em>et Savenac, donn\u00e9s par le comte de Foix \u00e0 l\u2019abbaye de Cluny <em>&nbsp;<\/em>.<\/p>\n<p>On le retrouve&nbsp; mentionn\u00e9 \u00e0 l\u2019occasion d\u2019un \u00e9pisode tristement c\u00e9l\u00e8bre de notre histoire pyr\u00e9n\u00e9enne&nbsp;: la pers\u00e9cution des Cathares de Monts\u00e9gur. Ainsi, selon Zo\u00e9 Oldenbourg, le 13 mai 1243, au d\u00e9but du si\u00e8ge, deux sergents d\u2019armes, le diacre cathare Clamens et trois \u00ab&nbsp;parfaits&nbsp;\u00bb seraient descendus du ch\u00e2teau et auraient travers\u00e9 les lignes ennemies pour aller \u00e0 Caussou afin d\u2019\u00e9tablir un contact avec des amis s\u00fbrs \u00e0 qui ils auraient pu, le cas \u00e9ch\u00e9ant, confier la garde du fameux tr\u00e9sor (1). Pour d\u2019autres auteurs, c\u2019est le tr\u00e9sor lui-m\u00eame que ces cathares auraient emport\u00e9 jusqu\u2019\u00e0 Caussou pour le cacher chez des amis ou dans une grotte.<\/p>\n<p>Une cinquantaine d\u2019ann\u00e9es plus tard, le nom du village sera \u00e9galement cit\u00e9 \u00e0 maintes reprises dans le registre d\u2019inquisition de l\u2019\u00e9v\u00eaque de Pamiers, Fournier, qui deviendra pape sous le nom de Benoit XII. M\u00eame lorsque l\u2019h\u00e9r\u00e9sie commencera \u00e0 perdre du terrain dans le Lordadais, elle se maintiendra bien \u00e0 Caussou et \u00e0 Unac. D\u2019apr\u00e8s l\u2019historienne Anne Cazenave, un certain Amelius Recort accueillait \u00e0 Caussou des cathares venant de Monts\u00e9gur o\u00f9 lui-m\u00eame se rendait souvent.<\/p>\n<p>Le nom de Caussou trouve peut-\u00eatre son origine dans le mot latin <em>calx-calcis<\/em>, qui signifie la chaux. Un lieu-dit situ\u00e9 en face du village porte d\u2019ailleurs le nom de <em>Cos <\/em>dont le lien avec la racine latine semble encore plus \u00e9vident. Il est certain que le versant de la montagne qui fait face au village, au sud, est form\u00e9 de calcaire, lequel servait jadis \u00e0 la fabrication de la chaux vive, appel\u00e9e en patois <em>causino.<\/em>De nombreux emplacements de fours \u00e0 chaux ont d\u2019ailleurs \u00e9t\u00e9 identifi\u00e9s dans le village. Paul Viteau, dans sa \u00ab&nbsp;Toponymie de l\u2019Ari\u00e8ge&nbsp;\u00bb, donne au nom du village une signification diff\u00e9rente. Selon lui, Caussou correspondrait au bas latin <em>Caussum, <\/em>issu du mot latin <em>Cautum&nbsp;: <\/em>le lieu d\u00e9fendu. Pour Florence Guillot, auteur de <em>Monographies villageoises en Sabarth\u00e8s, (Ed. Lacour),&nbsp;<\/em>Caussou viendrait du pr\u00e9-indo europ\u00e9en <em>Kal<\/em>, signifiant la pierre, suivi du suffixe <em>ulum.<\/em><\/p>\n<p>Pour Adrien Garrigou, l\u2019\u00e9tymologie du nom de Caussou renfermerait un radical ib\u00e9rien signifiant \u00ab\u00a0pays\u00a0\u00bb, ce qui laisserait supposer qu\u2019une communaut\u00e9 vivait en ce lieu avant m\u00eame l\u2019invasion romaine. Enfin, le mot \u00ab&nbsp;caussou&nbsp;\u00bb d\u00e9signe aussi tout simplement, dans certains patois de langue d\u2019Oc, un chausson.<\/p>\n<p>Chacun pourra donc choisir, dans cet \u00e9ventail d\u2019origines possibles du nom de Caussou, celle qui lui plaira le plus&nbsp;!<\/p>\n<p>Il faut toutefois savoir que l\u2019on retrouve ce nom dans d\u2019autres lieux de l\u2019Ari\u00e8ge&nbsp;: un ch\u00e2teau et une plaine le portent dans la vall\u00e9e de la Barguill\u00e8re, une grande ferme pr\u00e8s de Foix, un chemin \u00e0 Montgaillard ou encore un lotissement \u00e0 Foix. On le rencontre aussi en Aveyron o\u00f9 il d\u00e9signe un lieudit, pr\u00e8s d\u2019Aspri\u00e8res, et un site rocheux.<\/p>\n<p>Quoi qu\u2019il en soit, l\u2019existence d\u2019un dolmen aux environs de <em>Cos <\/em>et les d\u00e9bris de poteries ant\u00e9rieures \u00e0 notre \u00e8re d\u00e9couverts dans la grotte de <em>Magaruilh, <\/em>proche du village, confirment l\u2019anciennet\u00e9 d\u2019une pr\u00e9sence humaine \u00e0 Caussou ou dans ses environs imm\u00e9diats.<\/p>\n<p>Mais Caussou est \u00e9galement un nom de famille&nbsp;: Un Bernard de Caussou est cit\u00e9 comme h\u00e9r\u00e9tique dans les documents de la collection <em>Doat <\/em>de la Biblioth\u00e8que nationale, de m\u00eame qu\u2019un Raimond de Caussou, parfait de Monts\u00e9gur, et un chevalier Arnaud de Caussou qui, en 1247, poss\u00e9dait une maison \u00e0 Lordat. Ces documents font aussi r\u00e9f\u00e9rence \u00e0 l\u2019hommage fait au&nbsp;comte de Foix, en 1401, par Pierre, Ramon et Fran\u00e7ois <em>de Causso <\/em>pour les biens qu\u2019ils poss\u00e8dent dans le lieu de <em>Causso.<\/em><\/p>\n<p>En 1319, un Guillaume Caussou \u00e9tait meunier \u00e0 Ax-les-Thermes.<\/p>\n<p>Quelques ann\u00e9es plus t\u00f4t, un Pierre Caussou \u00e9tait \u00e9galement notaire \u00e0 Ax-les-Thermes. Dans son livre \u00ab&nbsp;R\u00f4le des feux du comt\u00e9 de Foix en 1390&nbsp;\u00bb, \u00e9dit\u00e9 en 1901, Dufau de Maluquer a d\u00e9crit la population et l\u2019administration des villages. H\u00e9las, cet inventaire est incomplet et l\u2019on n\u2019y trouve ni Caussou ni Bestiac&nbsp;! Il fait toutefois allusion \u00e0 un acte du 24 mai 1446 qui mentionne l\u2019existence de Savenac et on peut y observer qu\u2019une quinzaine de familles portaient \u00e0 cette \u00e9poque le nom de Caussou, \u00e0 Ax-les-Thermes, Montaillou, Rabat, Saint-Paul-de-Jarrat et Saint-F\u00e9lix. On y trouve \u00e9galement des noms encore port\u00e9s \u00e0 Caussou de nos jours, comme Pont ou Cougul, par exemple.<\/p>\n<p>Au XVII \u00e8 si\u00e8cle, un Abb\u00e9 Caussou \u00e9tait cur\u00e9 de Belcaire.<\/p>\n<p>En fait, on retrouve trace, \u00e0 des \u00e9poques diff\u00e9rentes, de la famille <em>de Caussou <\/em>qui fut peut-\u00eatre li\u00e9e \u00e0 celle des Planissoles, seigneurs de Caussou, souvent d\u00e9sign\u00e9e sous le nom de <em>Planissoles de Caussou. <\/em>Ainsi, le F\u00e9libre Arthur de Caussou, habitant de Laroque d\u2019Olmes, avocat, conseiller g\u00e9n\u00e9ral, \u00e9crivain et po\u00e8te, connut une certaine notori\u00e9t\u00e9 au XIX \u00e8 si\u00e8cle. Il fut notamment l\u2019auteur du premier roman en occitan sur Monts\u00e9gur (1), qui lui valut la m\u00e9daille de vermeil du concours de litt\u00e9rature romane de 1890, et c\u2019est lui qui d\u00e9couvrit dans les ruines du ch\u00e2teau de Monts\u00e9gur la c\u00e9l\u00e8bre colombe en pierre. Un article paru dans la revue <em>Lavelanet-Pays d\u2019Olmes <\/em>de juillet 1970 rend compte d\u2019un duel qui opposa Arthur de Caussou \u00e0 Henri Portet, maire de Lavelanet. Ce r\u00e9cit permet de se faire une id\u00e9e de l\u2019esprit chevaleresque de l\u2019honorable Arthur&nbsp;:<\/p>\n<p><em>\u00ab&nbsp;Le 7 septembre 1882 \u00e0 Lavelanet se sont r\u00e9unis MM. Le Dr Jolieu et le capitaine Boudouresque ,&nbsp; t\u00e9moins&nbsp;&nbsp;de&nbsp; M.&nbsp; Arthur&nbsp;de Caussou,&nbsp; conseiller&nbsp; g\u00e9n\u00e9ral, et&nbsp;Messieurs&nbsp; le&nbsp;commandant Gabarrou et Alqui\u00e9, publiciste, t\u00e9moins de M. Henri Portet, maire de Lavelanet.<\/em><\/p>\n<p><em>M. Caussou s\u2019\u00e9tant trouv\u00e9 bless\u00e9 dans son honneur par certaines phrases d\u2019un opuscule publi\u00e9 par M. Portet chargea MM. Jolieu et Boudouresque, le 1<sup>er<\/sup>septembre, de se rendre aupr\u00e8s de ce dernier et de lui demander des explications au sujet de ces phrases. Pendant cette entrevue, M. Portet d\u00e9clara qu\u2019il n\u2019avait pas eu l\u2019intention de porter atteinte \u00e0 l\u2019honorabilit\u00e9 et \u00e0 la probit\u00e9 de M. de Caussou et se montra dispos\u00e9 \u00e0 l\u2019attester par une rectification \u00e9crite qui devait \u00eatre donn\u00e9e le dimanche suivant.<\/em><\/p>\n<p><em>Mais le lendemain, M. Portet s\u2019\u00e9tant \u00e9mu de bruits qui s\u2019\u00e9taient r\u00e9pandus dans le public \u00e0 l\u2019occasion de cette entrevue, chargea MM. Gabarrou et Boudouresque pour appr\u00e9cier le m\u00e9rite de la demande de M. de Caussou, ayant cru quant \u00e0 lui que c\u2019\u00e9tait simplement d\u2019un v\u0153u exprim\u00e9 par ce dernier qu\u2019il s\u2019agissait.<\/em><\/p>\n<p><em>Dans leur r\u00e9union du 3 septembre, les t\u00e9moins d\u00e9sign\u00e9s ayant reconnu qu\u2019une rencontre \u00e9tait n\u00e9cessaire entre leurs mandants, il fut d\u00e9cid\u00e9 d\u2019abord qu\u2019elle e\u00fbt lieu le lendemain matin. En raison de circonstances ind\u00e9pendantes de la volont\u00e9 de tous, cette rencontre fut ajourn\u00e9e et fix\u00e9e au mercredi 6 septembre. Elle eut lieu, en effet, ce jour-l\u00e0, \u00e0 quatre heures de l\u2019apr\u00e8s-midi. L\u2019arme choisie \u00e9tait le pistolet. La distance entre les adversaires \u00e9tait de 25 pas. Le tir devait se faire simultan\u00e9ment et au commandement. Le combat devait cesser au premier feu. Les places furent tir\u00e9es au sort.<\/em><\/p>\n<p><em>Au signal convenu, les adversaires firent feu l\u2019un sur l\u2019autre. L\u2019arme de M. Portet partit seule. Son adversaire ne fut pas atteint. Les t\u00e9moins se dirigeaient vers M. de Caussou lorsque celui-ci d\u00e9chargea son arme en l\u2019air. Pendant ce temps, M. Portet avait attendu le feu de son adversaire \u00e0 son poste de combat.<\/em><\/p>\n<p><em>Au d\u00e9pit de cet incident et en pr\u00e9sence de l\u2019attitude si correcte des deux adversaires, les t\u00e9moins d\u00e9clar\u00e8rent que l\u2019affaire \u00e9tait termin\u00e9e. Alors M. Portet s\u2019avan\u00e7ant vers M. de Caussou et lui tendant la main, qu\u2019il accepta, dit aussit\u00f4t&nbsp;: Monsieur, je regrette vivement tout ce qui s\u2019est pass\u00e9 et je vous tiens pour un homme de c\u0153ur et d\u2019honneur&nbsp;\u00bb&nbsp;!<\/em><\/p>\n<p>Arthur de Caussou \u00e9tait membre d\u2019une famille tr\u00e8s connue \u00e0 Lavelanet o\u00f9 elle poss\u00e9dait de nombreux immeubles. Elle \u00e9tait \u00e9galement propri\u00e9taire d\u2019une filature \u00e0 Dreuilhe.<\/p>\n<p>Caussou est un nom de famille encore port\u00e9 de nos jours. Ainsi, il y a quelques ann\u00e9es, j\u2019eus le plaisir de recevoir une tr\u00e8s aimable lettre du g\u00e9n\u00e9ral Dominique Caussou \u00e0 propos de la premi\u00e8re \u00e9dition des monographies de nos villages. Plus r\u00e9cemment, pendant l\u2019\u00e9t\u00e9 2005, ce furent Mr Patrick Caussou et sa famille, habitants de Luc en Loz\u00e8re, qui, de passage dans les Pyr\u00e9n\u00e9es, ne r\u00e9sist\u00e8rent pas \u00e0 l\u2019envie de rendre une petite visite ce village qui porte leur nom.<\/p>\n<p><em>(1) Zo\u00e9 Oldenbourg&nbsp;: \u00ab&nbsp;Le b\u00fbcher de Monts\u00e9gur\u201d, NRF, 1959.<\/em><\/p>\n<p><em>Extrait du livre de Maurice Calmein, Caussou, Bestiac et le massif du St Barth\u00e9l\u00e9my, Ed. Lacour, 2006.<\/em><\/p>\n","protected":false},"excerpt":{"rendered":"<p>Le nom de Caussou Le nom de Caussou est tr\u00e8s vieux et l\u2019on peut en retrouver la trace dans un [&hellip;]<\/p>\n","protected":false},"author":1,"featured_media":0,"parent":22,"menu_order":1,"comment_status":"closed","ping_status":"closed","template":"","meta":{"footnotes":""},"_links":{"self":[{"href":"http:\/\/caussou.fr\/index.php\/wp-json\/wp\/v2\/pages\/201"}],"collection":[{"href":"http:\/\/caussou.fr\/index.php\/wp-json\/wp\/v2\/pages"}],"about":[{"href":"http:\/\/caussou.fr\/index.php\/wp-json\/wp\/v2\/types\/page"}],"author":[{"embeddable":true,"href":"http:\/\/caussou.fr\/index.php\/wp-json\/wp\/v2\/users\/1"}],"replies":[{"embeddable":true,"href":"http:\/\/caussou.fr\/index.php\/wp-json\/wp\/v2\/comments?post=201"}],"version-history":[{"count":2,"href":"http:\/\/caussou.fr\/index.php\/wp-json\/wp\/v2\/pages\/201\/revisions"}],"predecessor-version":[{"id":294,"href":"http:\/\/caussou.fr\/index.php\/wp-json\/wp\/v2\/pages\/201\/revisions\/294"}],"up":[{"embeddable":true,"href":"http:\/\/caussou.fr\/index.php\/wp-json\/wp\/v2\/pages\/22"}],"wp:attachment":[{"href":"http:\/\/caussou.fr\/index.php\/wp-json\/wp\/v2\/media?parent=201"}],"curies":[{"name":"wp","href":"https:\/\/api.w.org\/{rel}","templated":true}]}}