{"id":100,"date":"2019-08-21T10:18:50","date_gmt":"2019-08-21T08:18:50","guid":{"rendered":"http:\/\/caussou.fr\/?page_id=100"},"modified":"2019-08-28T22:05:23","modified_gmt":"2019-08-28T20:05:23","slug":"cru","status":"publish","type":"page","link":"http:\/\/caussou.fr\/index.php\/cru\/","title":{"rendered":"CGU"},"content":{"rendered":"<p>Conditions g\u00e9n\u00e9rales d\u2019utilisation du site :<\/p>\n<p>Les informations publi\u00e9es sur ce site sont strictement informatives.<\/p>\n<p>Tous droits r\u00e9serv\u00e9s \u00e0 l\u2019exception de l\u2019utilisation autoris\u00e9e par la loi de protection des droits d\u2019auteur. La reproduction du contenu de ce site web, en tout ou partie, est interdite sans la permission \u00e9crite de son responsable (sauf mention particuli\u00e8re), conform\u00e9ment \u00e0 l\u2019article L 122-4 du Code de la Propri\u00e9t\u00e9 intellectuelle. Tout contenu de ce site ne nous appartenant pas est la propri\u00e9t\u00e9 de leurs auteurs respectifs.<\/p>\n<p>Le site est susceptible d\u2019\u00eatre modifi\u00e9 ou mis \u00e0 jour sans pr\u00e9avis.<\/p>\n<p>Le cr\u00e9ateur et le responsable du pr\u00e9sent site Internet ainsi que ses partenaires ou fournisseurs ne pourront \u00eatre tenus responsables d\u2019intrusion, piratage, infection ou cons\u00e9quence li\u00e9s \u00e0 l\u2019utilisation du pr\u00e9sent site Internet.<\/p>\n<p>Cr\u00e9atrice et administratrice du site : Quynh-Anh PHAM NGOC<\/p>\n<p>D\u00e9tenteur et responsable du site : Association L&rsquo;Estanquet<\/p>\n<p>Site h\u00e9berg\u00e9 par : OVH<\/p>\n","protected":false},"excerpt":{"rendered":"<p>Conditions g\u00e9n\u00e9rales d\u2019utilisation du site : Les informations publi\u00e9es sur ce site sont strictement informatives. Tous droits r\u00e9serv\u00e9s \u00e0 l\u2019exception [&hellip;]<\/p>\n","protected":false},"author":1,"featured_media":0,"parent":0,"menu_order":0,"comment_status":"closed","ping_status":"closed","template":"","meta":{"footnotes":""},"_links":{"self":[{"href":"http:\/\/caussou.fr\/index.php\/wp-json\/wp\/v2\/pages\/100"}],"collection":[{"href":"http:\/\/caussou.fr\/index.php\/wp-json\/wp\/v2\/pages"}],"about":[{"href":"http:\/\/caussou.fr\/index.php\/wp-json\/wp\/v2\/types\/page"}],"author":[{"embeddable":true,"href":"http:\/\/caussou.fr\/index.php\/wp-json\/wp\/v2\/users\/1"}],"replies":[{"embeddable":true,"href":"http:\/\/caussou.fr\/index.php\/wp-json\/wp\/v2\/comments?post=100"}],"version-history":[{"count":5,"href":"http:\/\/caussou.fr\/index.php\/wp-json\/wp\/v2\/pages\/100\/revisions"}],"predecessor-version":[{"id":249,"href":"http:\/\/caussou.fr\/index.php\/wp-json\/wp\/v2\/pages\/100\/revisions\/249"}],"wp:attachment":[{"href":"http:\/\/caussou.fr\/index.php\/wp-json\/wp\/v2\/media?parent=100"}],"curies":[{"name":"wp","href":"https:\/\/api.w.org\/{rel}","templated":true}]}}